{"id":46,"date":"2023-12-07T13:39:48","date_gmt":"2023-12-07T13:39:48","guid":{"rendered":"https:\/\/arjentaito.fi\/?page_id=46"},"modified":"2024-02-25T15:58:32","modified_gmt":"2024-02-25T15:58:32","slug":"puhujaksi","status":"publish","type":"page","link":"https:\/\/arjentaito.fi\/?page_id=46","title":{"rendered":"Puhujaksi"},"content":{"rendered":"\t\t<div data-elementor-type=\"wp-page\" data-elementor-id=\"46\" class=\"elementor elementor-46\">\n\t\t\t\t<div class=\"elementor-element elementor-element-a264234 e-con-full e-flex e-con e-parent\" data-id=\"a264234\" data-element_type=\"container\" data-settings=\"{&quot;background_background&quot;:&quot;classic&quot;}\">\n\t\t\t\t<div class=\"elementor-element elementor-element-4943af6a elementor-widget elementor-widget-spacer\" data-id=\"4943af6a\" data-element_type=\"widget\" data-widget_type=\"spacer.default\">\n\t\t\t\t<div class=\"elementor-widget-container\">\n\t\t\t\t\t\t\t<div class=\"elementor-spacer\">\n\t\t\t<div class=\"elementor-spacer-inner\"><\/div>\n\t\t<\/div>\n\t\t\t\t\t\t<\/div>\n\t\t\t\t<\/div>\n\t\t\t\t<div class=\"elementor-element elementor-element-290acdcd elementor-widget elementor-widget-heading\" data-id=\"290acdcd\" data-element_type=\"widget\" data-widget_type=\"heading.default\">\n\t\t\t\t<div class=\"elementor-widget-container\">\n\t\t\t\t\t<h1 class=\"elementor-heading-title elementor-size-default\">\nLUENNOT JA KOULUTUKSET<\/h1>\t\t\t\t<\/div>\n\t\t\t\t<\/div>\n\t\t\t\t<div class=\"elementor-element elementor-element-26bd14b9 elementor-widget elementor-widget-spacer\" data-id=\"26bd14b9\" data-element_type=\"widget\" data-widget_type=\"spacer.default\">\n\t\t\t\t<div class=\"elementor-widget-container\">\n\t\t\t\t\t\t\t<div class=\"elementor-spacer\">\n\t\t\t<div class=\"elementor-spacer-inner\"><\/div>\n\t\t<\/div>\n\t\t\t\t\t\t<\/div>\n\t\t\t\t<\/div>\n\t\t\t\t<\/div>\n\t\t<div class=\"elementor-element elementor-element-3baa1b1d e-flex e-con-boxed e-con e-parent\" data-id=\"3baa1b1d\" data-element_type=\"container\">\n\t\t\t\t\t<div class=\"e-con-inner\">\n\t\t<div class=\"elementor-element elementor-element-441e64f6 e-con-full e-flex e-con e-child\" data-id=\"441e64f6\" data-element_type=\"container\">\n\t\t\t\t<div class=\"elementor-element elementor-element-35bec7fa elementor-widget elementor-widget-image\" data-id=\"35bec7fa\" data-element_type=\"widget\" data-widget_type=\"image.default\">\n\t\t\t\t<div class=\"elementor-widget-container\">\n\t\t\t\t\t\t\t\t\t\t\t\t\t\t\t<img fetchpriority=\"high\" decoding=\"async\" width=\"774\" height=\"1024\" src=\"https:\/\/arjentaito.fi\/wp-content\/uploads\/2024\/02\/ARJENTAITO-PUHUJA-LAURA-kopio-774x1024.png\" class=\"attachment-large size-large wp-image-358\" alt=\"\" srcset=\"https:\/\/arjentaito.fi\/wp-content\/uploads\/2024\/02\/ARJENTAITO-PUHUJA-LAURA-kopio-774x1024.png 774w, https:\/\/arjentaito.fi\/wp-content\/uploads\/2024\/02\/ARJENTAITO-PUHUJA-LAURA-kopio-227x300.png 227w, https:\/\/arjentaito.fi\/wp-content\/uploads\/2024\/02\/ARJENTAITO-PUHUJA-LAURA-kopio-768x1016.png 768w, https:\/\/arjentaito.fi\/wp-content\/uploads\/2024\/02\/ARJENTAITO-PUHUJA-LAURA-kopio-1161x1536.png 1161w, https:\/\/arjentaito.fi\/wp-content\/uploads\/2024\/02\/ARJENTAITO-PUHUJA-LAURA-kopio.png 1299w\" sizes=\"(max-width: 774px) 100vw, 774px\" \/>\t\t\t\t\t\t\t\t\t\t\t\t\t\t\t<\/div>\n\t\t\t\t<\/div>\n\t\t\t\t<\/div>\n\t\t<div class=\"elementor-element elementor-element-4981bc1b e-con-full e-flex e-con e-child\" data-id=\"4981bc1b\" data-element_type=\"container\">\n\t\t\t\t<div class=\"elementor-element elementor-element-22450ff6 elementor-widget elementor-widget-spacer\" data-id=\"22450ff6\" data-element_type=\"widget\" data-widget_type=\"spacer.default\">\n\t\t\t\t<div class=\"elementor-widget-container\">\n\t\t\t\t\t\t\t<div class=\"elementor-spacer\">\n\t\t\t<div class=\"elementor-spacer-inner\"><\/div>\n\t\t<\/div>\n\t\t\t\t\t\t<\/div>\n\t\t\t\t<\/div>\n\t\t\t\t<div class=\"elementor-element elementor-element-4788d171 elementor-widget elementor-widget-text-editor\" data-id=\"4788d171\" data-element_type=\"widget\" data-widget_type=\"text-editor.default\">\n\t\t\t\t<div class=\"elementor-widget-container\">\n\t\t\t\t\t\t\t\t\t<p><b>Inspiroi yleis\u00f6\u00e4si<\/b><b> innostavilla <\/b><b>luennoilla tai koulutustilaisuuksilla hyvinvoinnista ja oppimisesta.<\/b><\/p><p>Etsitk\u00f6 asiantuntevaa ja innostavaa puhujaa kohottamaan hyvinvointip\u00e4iv\u00e4\u00e4si tai koulutuskokonaisuuttasi? Varaa minut pit\u00e4m\u00e4\u00e4n luento tai koulutustilaisuus, joka motivoi ja kannustaa yksil\u00f6it\u00e4 ja yhteis\u00f6j\u00e4 asettamaan hyvinvointinsa ja onnellisuutensa etusijalle.<\/p><p>Olen kouluttanut ja ohjannut erilaisia ryhmi\u00e4 vapaaehtoisista ja kasvatusalan ammattilaisista lapsiin ja nuoriin. Olipa kyse sitten nuorten hyvinvointiin liittyvien n\u00e4kemysten jakamisesta tai luennoimisesta hyvinvoinnin, unen ja ruutuajan v\u00e4lisit\u00e4 suhteista, olen sitoutunut tarjoamaan arvokasta tietoa ja k\u00e4yt\u00e4nn\u00f6n ratkaisuja hyvinvoinnin edist\u00e4miseksi.<\/p>\t\t\t\t\t\t\t\t<\/div>\n\t\t\t\t<\/div>\n\t\t\t\t<\/div>\n\t\t\t\t\t<\/div>\n\t\t\t\t<\/div>\n\t\t<div class=\"elementor-element elementor-element-2199d812 e-flex e-con-boxed e-con e-parent\" data-id=\"2199d812\" data-element_type=\"container\">\n\t\t\t\t\t<div class=\"e-con-inner\">\n\t\t<div class=\"elementor-element elementor-element-0892f21 e-flex e-con-boxed e-con e-child\" data-id=\"0892f21\" data-element_type=\"container\">\n\t\t\t\t\t<div class=\"e-con-inner\">\n\t\t<div class=\"elementor-element elementor-element-8220207 e-flex e-con-boxed e-con e-child\" data-id=\"8220207\" data-element_type=\"container\">\n\t\t\t\t\t<div class=\"e-con-inner\">\n\t\t\t\t<div class=\"elementor-element elementor-element-6ce2130 elementor-widget elementor-widget-spacer\" data-id=\"6ce2130\" data-element_type=\"widget\" data-widget_type=\"spacer.default\">\n\t\t\t\t<div class=\"elementor-widget-container\">\n\t\t\t\t\t\t\t<div class=\"elementor-spacer\">\n\t\t\t<div class=\"elementor-spacer-inner\"><\/div>\n\t\t<\/div>\n\t\t\t\t\t\t<\/div>\n\t\t\t\t<\/div>\n\t\t<div class=\"elementor-element elementor-element-8f7297f e-flex e-con-boxed e-con e-child\" data-id=\"8f7297f\" data-element_type=\"container\">\n\t\t\t\t\t<div class=\"e-con-inner\">\n\t\t<div class=\"elementor-element elementor-element-f932e55 e-con-full e-flex e-con e-child\" data-id=\"f932e55\" data-element_type=\"container\" data-settings=\"{&quot;background_background&quot;:&quot;classic&quot;}\">\n\t\t\t\t<div class=\"elementor-element elementor-element-5b90b66 elementor-widget elementor-widget-image\" data-id=\"5b90b66\" data-element_type=\"widget\" data-widget_type=\"image.default\">\n\t\t\t\t<div class=\"elementor-widget-container\">\n\t\t\t\t\t\t\t\t\t\t\t\t\t\t\t<img decoding=\"async\" width=\"800\" height=\"88\" src=\"https:\/\/arjentaito.fi\/wp-content\/uploads\/2024\/02\/arjentaitologo2-1024x112.png\" class=\"attachment-large size-large wp-image-211\" alt=\"\" srcset=\"https:\/\/arjentaito.fi\/wp-content\/uploads\/2024\/02\/arjentaitologo2-1024x112.png 1024w, https:\/\/arjentaito.fi\/wp-content\/uploads\/2024\/02\/arjentaitologo2-300x33.png 300w, https:\/\/arjentaito.fi\/wp-content\/uploads\/2024\/02\/arjentaitologo2-768x84.png 768w, https:\/\/arjentaito.fi\/wp-content\/uploads\/2024\/02\/arjentaitologo2-1536x169.png 1536w, https:\/\/arjentaito.fi\/wp-content\/uploads\/2024\/02\/arjentaitologo2-2048x225.png 2048w\" sizes=\"(max-width: 800px) 100vw, 800px\" \/>\t\t\t\t\t\t\t\t\t\t\t\t\t\t\t<\/div>\n\t\t\t\t<\/div>\n\t\t\t\t<div class=\"elementor-element elementor-element-b33528f elementor-widget elementor-widget-text-editor\" data-id=\"b33528f\" data-element_type=\"widget\" data-widget_type=\"text-editor.default\">\n\t\t\t\t<div class=\"elementor-widget-container\">\n\t\t\t\t\t\t\t\t\t<p>Oletko valmis inspiroimaan my\u00f6nteist\u00e4 muutosta yhteis\u00f6ss\u00e4nne? Suunnitellaan yhdess\u00e4 koulutustilaisuus, joka vastaa p\u00e4\u00e4m\u00e4\u00e4ri\u00e4nne ja tavoitteitanne. My\u00f6s et\u00e4tilaisuudet.<\/p>\t\t\t\t\t\t\t\t<\/div>\n\t\t\t\t<\/div>\n\t\t\t\t<\/div>\n\t\t<div class=\"elementor-element elementor-element-11d40eb e-con-full e-flex e-con e-child\" data-id=\"11d40eb\" data-element_type=\"container\">\n\t\t\t\t<div class=\"elementor-element elementor-element-042eab4 elementor-widget__width-initial elementor-widget elementor-widget-image\" data-id=\"042eab4\" data-element_type=\"widget\" data-widget_type=\"image.default\">\n\t\t\t\t<div class=\"elementor-widget-container\">\n\t\t\t\t\t\t\t\t\t\t\t\t\t\t\t<img decoding=\"async\" width=\"800\" height=\"1014\" src=\"https:\/\/arjentaito.fi\/wp-content\/uploads\/2024\/02\/KONE-PUHUJA--808x1024.png\" class=\"attachment-large size-large wp-image-360\" alt=\"\" srcset=\"https:\/\/arjentaito.fi\/wp-content\/uploads\/2024\/02\/KONE-PUHUJA--808x1024.png 808w, https:\/\/arjentaito.fi\/wp-content\/uploads\/2024\/02\/KONE-PUHUJA--237x300.png 237w, https:\/\/arjentaito.fi\/wp-content\/uploads\/2024\/02\/KONE-PUHUJA--768x973.png 768w, https:\/\/arjentaito.fi\/wp-content\/uploads\/2024\/02\/KONE-PUHUJA-.png 1209w\" sizes=\"(max-width: 800px) 100vw, 800px\" \/>\t\t\t\t\t\t\t\t\t\t\t\t\t\t\t<\/div>\n\t\t\t\t<\/div>\n\t\t\t\t<\/div>\n\t\t\t\t\t<\/div>\n\t\t\t\t<\/div>\n\t\t\t\t<div class=\"elementor-element elementor-element-5abfe73 elementor-widget elementor-widget-spacer\" data-id=\"5abfe73\" data-element_type=\"widget\" data-widget_type=\"spacer.default\">\n\t\t\t\t<div class=\"elementor-widget-container\">\n\t\t\t\t\t\t\t<div class=\"elementor-spacer\">\n\t\t\t<div class=\"elementor-spacer-inner\"><\/div>\n\t\t<\/div>\n\t\t\t\t\t\t<\/div>\n\t\t\t\t<\/div>\n\t\t\t\t\t<\/div>\n\t\t\t\t<\/div>\n\t\t\t\t\t<\/div>\n\t\t\t\t<\/div>\n\t\t\t\t\t<\/div>\n\t\t\t\t<\/div>\n\t\t<div class=\"elementor-element elementor-element-1fe9599c e-flex e-con-boxed e-con e-parent\" data-id=\"1fe9599c\" data-element_type=\"container\">\n\t\t\t\t\t<div class=\"e-con-inner\">\n\t\t\t\t\t<\/div>\n\t\t\t\t<\/div>\n\t\t\t\t<\/div>\n\t\t","protected":false},"excerpt":{"rendered":"<p>LUENNOT JA KOULUTUKSET Inspiroi yleis\u00f6\u00e4si innostavilla luennoilla tai koulutustilaisuuksilla hyvinvoinnista ja oppimisesta. Etsitk\u00f6 asiantuntevaa ja innostavaa puhujaa kohottamaan hyvinvointip\u00e4iv\u00e4\u00e4si tai koulutuskokonaisuuttasi? Varaa minut pit\u00e4m\u00e4\u00e4n luento tai koulutustilaisuus, joka motivoi ja kannustaa yksil\u00f6it\u00e4 ja yhteis\u00f6j\u00e4 asettamaan hyvinvointinsa ja onnellisuutensa etusijalle. Olen kouluttanut ja ohjannut erilaisia ryhmi\u00e4 vapaaehtoisista ja kasvatusalan ammattilaisista lapsiin ja nuoriin. Olipa kyse sitten [&hellip;]<\/p>\n","protected":false},"author":2,"featured_media":0,"parent":0,"menu_order":0,"comment_status":"closed","ping_status":"closed","template":"elementor_header_footer","meta":{"footnotes":""},"_links":{"self":[{"href":"https:\/\/arjentaito.fi\/index.php?rest_route=\/wp\/v2\/pages\/46"}],"collection":[{"href":"https:\/\/arjentaito.fi\/index.php?rest_route=\/wp\/v2\/pages"}],"about":[{"href":"https:\/\/arjentaito.fi\/index.php?rest_route=\/wp\/v2\/types\/page"}],"author":[{"embeddable":true,"href":"https:\/\/arjentaito.fi\/index.php?rest_route=\/wp\/v2\/users\/2"}],"replies":[{"embeddable":true,"href":"https:\/\/arjentaito.fi\/index.php?rest_route=%2Fwp%2Fv2%2Fcomments&post=46"}],"version-history":[{"count":55,"href":"https:\/\/arjentaito.fi\/index.php?rest_route=\/wp\/v2\/pages\/46\/revisions"}],"predecessor-version":[{"id":512,"href":"https:\/\/arjentaito.fi\/index.php?rest_route=\/wp\/v2\/pages\/46\/revisions\/512"}],"wp:attachment":[{"href":"https:\/\/arjentaito.fi\/index.php?rest_route=%2Fwp%2Fv2%2Fmedia&parent=46"}],"curies":[{"name":"wp","href":"https:\/\/api.w.org\/{rel}","templated":true}]}}