{"id":49,"date":"2023-12-07T13:40:09","date_gmt":"2023-12-07T13:40:09","guid":{"rendered":"https:\/\/arjentaito.fi\/?page_id=49"},"modified":"2024-02-25T15:58:53","modified_gmt":"2024-02-25T15:58:53","slug":"terapia","status":"publish","type":"page","link":"https:\/\/arjentaito.fi\/?page_id=49","title":{"rendered":"Terapia"},"content":{"rendered":"\t\t<div data-elementor-type=\"wp-page\" data-elementor-id=\"49\" class=\"elementor elementor-49\">\n\t\t\t\t<div class=\"elementor-element elementor-element-2fd7c2db e-con-full e-flex e-con e-parent\" data-id=\"2fd7c2db\" data-element_type=\"container\" data-settings=\"{&quot;background_background&quot;:&quot;classic&quot;}\">\n\t\t\t\t<div class=\"elementor-element elementor-element-78b0ff86 elementor-widget elementor-widget-spacer\" data-id=\"78b0ff86\" data-element_type=\"widget\" data-widget_type=\"spacer.default\">\n\t\t\t\t<div class=\"elementor-widget-container\">\n\t\t\t\t\t\t\t<div class=\"elementor-spacer\">\n\t\t\t<div class=\"elementor-spacer-inner\"><\/div>\n\t\t<\/div>\n\t\t\t\t\t\t<\/div>\n\t\t\t\t<\/div>\n\t\t\t\t<div class=\"elementor-element elementor-element-217b594e elementor-widget elementor-widget-heading\" data-id=\"217b594e\" data-element_type=\"widget\" data-widget_type=\"heading.default\">\n\t\t\t\t<div class=\"elementor-widget-container\">\n\t\t\t\t\t<h1 class=\"elementor-heading-title elementor-size-default\">LYHYTTERAPIA<\/h1>\t\t\t\t<\/div>\n\t\t\t\t<\/div>\n\t\t\t\t<div class=\"elementor-element elementor-element-4a4a17b2 elementor-widget elementor-widget-spacer\" data-id=\"4a4a17b2\" data-element_type=\"widget\" data-widget_type=\"spacer.default\">\n\t\t\t\t<div class=\"elementor-widget-container\">\n\t\t\t\t\t\t\t<div class=\"elementor-spacer\">\n\t\t\t<div class=\"elementor-spacer-inner\"><\/div>\n\t\t<\/div>\n\t\t\t\t\t\t<\/div>\n\t\t\t\t<\/div>\n\t\t\t\t<\/div>\n\t\t<div class=\"elementor-element elementor-element-738a5464 e-flex e-con-boxed e-con e-parent\" data-id=\"738a5464\" data-element_type=\"container\">\n\t\t\t\t\t<div class=\"e-con-inner\">\n\t\t<div class=\"elementor-element elementor-element-3eeee10e e-con-full e-flex e-con e-child\" data-id=\"3eeee10e\" data-element_type=\"container\">\n\t\t\t\t<div class=\"elementor-element elementor-element-34d76381 elementor-widget elementor-widget-image\" data-id=\"34d76381\" data-element_type=\"widget\" data-widget_type=\"image.default\">\n\t\t\t\t<div class=\"elementor-widget-container\">\n\t\t\t\t\t\t\t\t\t\t\t\t\t\t\t<img fetchpriority=\"high\" decoding=\"async\" width=\"774\" height=\"1024\" src=\"https:\/\/arjentaito.fi\/wp-content\/uploads\/2024\/02\/ARJENTAITO-SIVUT-terapia-774x1024.png\" class=\"attachment-large size-large wp-image-266\" alt=\"\" srcset=\"https:\/\/arjentaito.fi\/wp-content\/uploads\/2024\/02\/ARJENTAITO-SIVUT-terapia-774x1024.png 774w, https:\/\/arjentaito.fi\/wp-content\/uploads\/2024\/02\/ARJENTAITO-SIVUT-terapia-227x300.png 227w, https:\/\/arjentaito.fi\/wp-content\/uploads\/2024\/02\/ARJENTAITO-SIVUT-terapia-768x1016.png 768w, https:\/\/arjentaito.fi\/wp-content\/uploads\/2024\/02\/ARJENTAITO-SIVUT-terapia-1161x1536.png 1161w, https:\/\/arjentaito.fi\/wp-content\/uploads\/2024\/02\/ARJENTAITO-SIVUT-terapia.png 1299w\" sizes=\"(max-width: 774px) 100vw, 774px\" \/>\t\t\t\t\t\t\t\t\t\t\t\t\t\t\t<\/div>\n\t\t\t\t<\/div>\n\t\t\t\t<\/div>\n\t\t<div class=\"elementor-element elementor-element-2b61fa51 e-con-full e-flex e-con e-child\" data-id=\"2b61fa51\" data-element_type=\"container\">\n\t\t\t\t<div class=\"elementor-element elementor-element-47848fac elementor-widget elementor-widget-spacer\" data-id=\"47848fac\" data-element_type=\"widget\" data-widget_type=\"spacer.default\">\n\t\t\t\t<div class=\"elementor-widget-container\">\n\t\t\t\t\t\t\t<div class=\"elementor-spacer\">\n\t\t\t<div class=\"elementor-spacer-inner\"><\/div>\n\t\t<\/div>\n\t\t\t\t\t\t<\/div>\n\t\t\t\t<\/div>\n\t\t\t\t<div class=\"elementor-element elementor-element-1865932e elementor-widget elementor-widget-text-editor\" data-id=\"1865932e\" data-element_type=\"widget\" data-widget_type=\"text-editor.default\">\n\t\t\t\t<div class=\"elementor-widget-container\">\n\t\t\t\t\t\t\t\t\t<p><b>Aloita matkasi mielen hyvinvointiin ratkaisukeskeisen lyhytterapian avulla<\/b><\/p><p>Oletko valmis omaksumaan my\u00f6nteisen muutoksen ja l\u00f6yt\u00e4m\u00e4\u00e4n potentiaalisi? Tarvitsetko tukea stressin, ihmissuhdeongelmien tai henkil\u00f6kohtaisten kamppailujen selvitt\u00e4misess\u00e4? My\u00f6t\u00e4tuntoisena ja asiakkaan taajuudelle viritt\u00e4ytyneen\u00e4 terapeuttina kuuntelen ja ohjaan sinua l\u00f6yt\u00e4m\u00e4\u00e4n vahvuutesi ja voimavarasi.<\/p><p>Psykoterapeuttisten valmiuksien opinnot sis\u00e4lt\u00e4v\u00e4n ratkaisukeskeisen lyhytterapeutin koulutuksen my\u00f6t\u00e4 tarjoan sinulle turvallisen tilan sek\u00e4 ty\u00f6kaluja ja ratkaisuja vastaamaan yksil\u00f6llisi\u00e4 tarpeitasi. Olitpa sitten kohtaamassa arjen haasteita, haastavassa el\u00e4m\u00e4ntilanteessa tai etsim\u00e4ss\u00e4 tunnetaitoja ja vahvempaa itsetuntoa, luon kohtaamisiin aina l\u00e4mpim\u00e4n ja kannustavan ilmapiirin.<\/p><p>Lyhytterapiatapaamiset ovat luottamuksellisia my\u00f6s terapiasuhteen j\u00e4lkeen eik\u00e4 tietojasi kirjata mihink\u00e4\u00e4n tietoj\u00e4rjestelm\u00e4\u00e4n.<\/p><p>Erityisosaamiseni: arjen- ja el\u00e4m\u00e4nhallinta, lapset ja nuoret, uni ja palautuminen, voimavarakeskeisyys, itses\u00e4\u00e4telyn ja itsetuntemuksen vahvistaminen, stressinhallinta, opiskelu- ja ty\u00f6el\u00e4m\u00e4n haasteet, tunnetaidot, el\u00e4m\u00e4ntilannekriisit, opiskelu- ja ty\u00f6hyvinvointi.<\/p>\t\t\t\t\t\t\t\t<\/div>\n\t\t\t\t<\/div>\n\t\t\t\t<\/div>\n\t\t\t\t\t<\/div>\n\t\t\t\t<\/div>\n\t\t<div class=\"elementor-element elementor-element-e894952 e-flex e-con-boxed e-con e-parent\" data-id=\"e894952\" data-element_type=\"container\">\n\t\t\t\t\t<div class=\"e-con-inner\">\n\t\t<div class=\"elementor-element elementor-element-ea72e14 e-flex e-con-boxed e-con e-child\" data-id=\"ea72e14\" data-element_type=\"container\">\n\t\t\t\t\t<div class=\"e-con-inner\">\n\t\t\t\t<div class=\"elementor-element elementor-element-3c7cc98 elementor-widget elementor-widget-spacer\" data-id=\"3c7cc98\" data-element_type=\"widget\" data-widget_type=\"spacer.default\">\n\t\t\t\t<div class=\"elementor-widget-container\">\n\t\t\t\t\t\t\t<div class=\"elementor-spacer\">\n\t\t\t<div class=\"elementor-spacer-inner\"><\/div>\n\t\t<\/div>\n\t\t\t\t\t\t<\/div>\n\t\t\t\t<\/div>\n\t\t\t\t<div class=\"elementor-element elementor-element-ed0f74a elementor-widget elementor-widget-heading\" data-id=\"ed0f74a\" data-element_type=\"widget\" data-widget_type=\"heading.default\">\n\t\t\t\t<div class=\"elementor-widget-container\">\n\t\t\t\t\t<h2 class=\"elementor-heading-title elementor-size-default\">Mit\u00e4 voit odottaa terapiatapaamiselta?<\/h2>\t\t\t\t<\/div>\n\t\t\t\t<\/div>\n\t\t\t\t<div class=\"elementor-element elementor-element-f180851 elementor-widget elementor-widget-spacer\" data-id=\"f180851\" data-element_type=\"widget\" data-widget_type=\"spacer.default\">\n\t\t\t\t<div class=\"elementor-widget-container\">\n\t\t\t\t\t\t\t<div class=\"elementor-spacer\">\n\t\t\t<div class=\"elementor-spacer-inner\"><\/div>\n\t\t<\/div>\n\t\t\t\t\t\t<\/div>\n\t\t\t\t<\/div>\n\t\t<div class=\"elementor-element elementor-element-ba76749 e-flex e-con-boxed e-con e-child\" data-id=\"ba76749\" data-element_type=\"container\">\n\t\t\t\t\t<div class=\"e-con-inner\">\n\t\t<div class=\"elementor-element elementor-element-b535f5f e-con-full e-flex e-con e-child\" data-id=\"b535f5f\" data-element_type=\"container\">\n\t\t\t\t<div class=\"elementor-element elementor-element-b28b8f8 elementor-widget elementor-widget-text-editor\" data-id=\"b28b8f8\" data-element_type=\"widget\" data-widget_type=\"text-editor.default\">\n\t\t\t\t<div class=\"elementor-widget-container\">\n\t\t\t\t\t\t\t\t\t<ul><li><b>Resurssil\u00e4ht\u00f6inen l\u00e4hestymistapa:<\/b> Uskon luontaisten vahvuuksiesi ja voimavarojesi tukemiseen, mik\u00e4 antaa sinulle mahdollisuuden ylitt\u00e4\u00e4 esteet ja saavuttaa tasapainoisempi olo.<br \/><br \/><\/li><li><b>Turvallinen ja l\u00e4mmin ilmapiiri:<\/b> Sinut toivotetaan tervetulleeksi juuri sellaisena kuin olet, ilman tuomitsemista tai odotuksia. Yhdess\u00e4 tutkimme uusia n\u00e4k\u00f6kulmia ja asetamme saavutettavissa olevia tavoitteita valoisampaa tulevaisuutta varten.<br \/><br \/><\/li><li><b>Joustava kesto:<\/b>\u00a0Kesto m\u00e4\u00e4ritet\u00e4\u00e4n yhdess\u00e4 terapian alussa, jolloin varmistetaan, ett\u00e4 saat riitt\u00e4v\u00e4sti tukea ja ohjausta voidaksesi hyvin my\u00f6s yhteisen aikamme j\u00e4lkeen.<br \/><br \/><\/li><\/ul><ul><li><b>K\u00e4velyterapia:<\/b>\u00a0Olipa toiveenasi henkil\u00f6kohtaiset tapaamiset terapiatilassa tai luonnossa liikkuen, tarjoan joustavia vaihtoehtoja aikataulusi ja mieltymystesi mukaan.<br \/><br \/><\/li><li><b>Et\u00e4<\/b><b>terapia: <\/b>Lis\u00e4mukavuuden ja saavutettavuuden lis\u00e4\u00e4miseksi tarjoan et\u00e4tapaamisia videon, puhelimen tai chatin v\u00e4lityksell\u00e4, jolloin voit osallistua tapaamisiin joustavasti ja mukavasti vaikka omasta kodistasi k\u00e4sin.<\/li><\/ul>\t\t\t\t\t\t\t\t<\/div>\n\t\t\t\t<\/div>\n\t\t\t\t<div class=\"elementor-element elementor-element-8e7508e elementor-widget elementor-widget-spacer\" data-id=\"8e7508e\" data-element_type=\"widget\" data-widget_type=\"spacer.default\">\n\t\t\t\t<div class=\"elementor-widget-container\">\n\t\t\t\t\t\t\t<div class=\"elementor-spacer\">\n\t\t\t<div class=\"elementor-spacer-inner\"><\/div>\n\t\t<\/div>\n\t\t\t\t\t\t<\/div>\n\t\t\t\t<\/div>\n\t\t\t\t<\/div>\n\t\t<div class=\"elementor-element elementor-element-ffc8e5e e-con-full e-flex e-con e-child\" data-id=\"ffc8e5e\" data-element_type=\"container\" data-settings=\"{&quot;background_background&quot;:&quot;classic&quot;}\">\n\t\t\t\t<div class=\"elementor-element elementor-element-eb428d6 elementor-widget elementor-widget-image\" data-id=\"eb428d6\" data-element_type=\"widget\" data-widget_type=\"image.default\">\n\t\t\t\t<div class=\"elementor-widget-container\">\n\t\t\t\t\t\t\t\t\t\t\t\t\t\t\t<img decoding=\"async\" width=\"800\" height=\"88\" src=\"https:\/\/arjentaito.fi\/wp-content\/uploads\/2024\/02\/arjentaitologo2-1024x112.png\" class=\"attachment-large size-large wp-image-211\" alt=\"\" srcset=\"https:\/\/arjentaito.fi\/wp-content\/uploads\/2024\/02\/arjentaitologo2-1024x112.png 1024w, https:\/\/arjentaito.fi\/wp-content\/uploads\/2024\/02\/arjentaitologo2-300x33.png 300w, https:\/\/arjentaito.fi\/wp-content\/uploads\/2024\/02\/arjentaitologo2-768x84.png 768w, https:\/\/arjentaito.fi\/wp-content\/uploads\/2024\/02\/arjentaitologo2-1536x169.png 1536w, https:\/\/arjentaito.fi\/wp-content\/uploads\/2024\/02\/arjentaitologo2-2048x225.png 2048w\" sizes=\"(max-width: 800px) 100vw, 800px\" \/>\t\t\t\t\t\t\t\t\t\t\t\t\t\t\t<\/div>\n\t\t\t\t<\/div>\n\t\t\t\t<div class=\"elementor-element elementor-element-b9f9f35 elementor-widget elementor-widget-text-editor\" data-id=\"b9f9f35\" data-element_type=\"widget\" data-widget_type=\"text-editor.default\">\n\t\t\t\t<div class=\"elementor-widget-container\">\n\t\t\t\t\t\t\t\t\t<p>Ota ensimm\u00e4inen askeleesi kohti tasopainoisempaa oloa ja valoisampaa tulevaisuutta. Odotan jo p\u00e4\u00e4sev\u00e4ni tukemaan sinua polullasi kohti hyvinvointia. Ota yhteytt\u00e4 ja olen sinuun piakkoin yhteydess\u00e4.<\/p>\t\t\t\t\t\t\t\t<\/div>\n\t\t\t\t<\/div>\n\t\t\t\t<\/div>\n\t\t\t\t\t<\/div>\n\t\t\t\t<\/div>\n\t\t\t\t<div class=\"elementor-element elementor-element-eb48a61 elementor-widget elementor-widget-spacer\" data-id=\"eb48a61\" data-element_type=\"widget\" data-widget_type=\"spacer.default\">\n\t\t\t\t<div class=\"elementor-widget-container\">\n\t\t\t\t\t\t\t<div class=\"elementor-spacer\">\n\t\t\t<div class=\"elementor-spacer-inner\"><\/div>\n\t\t<\/div>\n\t\t\t\t\t\t<\/div>\n\t\t\t\t<\/div>\n\t\t\t\t\t<\/div>\n\t\t\t\t<\/div>\n\t\t\t\t\t<\/div>\n\t\t\t\t<\/div>\n\t\t\t\t<\/div>\n\t\t","protected":false},"excerpt":{"rendered":"<p>LYHYTTERAPIA Aloita matkasi mielen hyvinvointiin ratkaisukeskeisen lyhytterapian avulla Oletko valmis omaksumaan my\u00f6nteisen muutoksen ja l\u00f6yt\u00e4m\u00e4\u00e4n potentiaalisi? Tarvitsetko tukea stressin, ihmissuhdeongelmien tai henkil\u00f6kohtaisten kamppailujen selvitt\u00e4misess\u00e4? My\u00f6t\u00e4tuntoisena ja asiakkaan taajuudelle viritt\u00e4ytyneen\u00e4 terapeuttina kuuntelen ja ohjaan sinua l\u00f6yt\u00e4m\u00e4\u00e4n vahvuutesi ja voimavarasi. Psykoterapeuttisten valmiuksien opinnot sis\u00e4lt\u00e4v\u00e4n ratkaisukeskeisen lyhytterapeutin koulutuksen my\u00f6t\u00e4 tarjoan sinulle turvallisen tilan sek\u00e4 ty\u00f6kaluja ja ratkaisuja vastaamaan [&hellip;]<\/p>\n","protected":false},"author":2,"featured_media":0,"parent":0,"menu_order":0,"comment_status":"closed","ping_status":"closed","template":"elementor_header_footer","meta":{"footnotes":""},"_links":{"self":[{"href":"https:\/\/arjentaito.fi\/index.php?rest_route=\/wp\/v2\/pages\/49"}],"collection":[{"href":"https:\/\/arjentaito.fi\/index.php?rest_route=\/wp\/v2\/pages"}],"about":[{"href":"https:\/\/arjentaito.fi\/index.php?rest_route=\/wp\/v2\/types\/page"}],"author":[{"embeddable":true,"href":"https:\/\/arjentaito.fi\/index.php?rest_route=\/wp\/v2\/users\/2"}],"replies":[{"embeddable":true,"href":"https:\/\/arjentaito.fi\/index.php?rest_route=%2Fwp%2Fv2%2Fcomments&post=49"}],"version-history":[{"count":46,"href":"https:\/\/arjentaito.fi\/index.php?rest_route=\/wp\/v2\/pages\/49\/revisions"}],"predecessor-version":[{"id":515,"href":"https:\/\/arjentaito.fi\/index.php?rest_route=\/wp\/v2\/pages\/49\/revisions\/515"}],"wp:attachment":[{"href":"https:\/\/arjentaito.fi\/index.php?rest_route=%2Fwp%2Fv2%2Fmedia&parent=49"}],"curies":[{"name":"wp","href":"https:\/\/api.w.org\/{rel}","templated":true}]}}