{"id":52,"date":"2023-12-07T13:40:27","date_gmt":"2023-12-07T13:40:27","guid":{"rendered":"https:\/\/arjentaito.fi\/?page_id=52"},"modified":"2024-02-25T15:59:22","modified_gmt":"2024-02-25T15:59:22","slug":"tyonohjaus","status":"publish","type":"page","link":"https:\/\/arjentaito.fi\/?page_id=52","title":{"rendered":"Ty\u00f6nohjaus"},"content":{"rendered":"\t\t<div data-elementor-type=\"wp-page\" data-elementor-id=\"52\" class=\"elementor elementor-52\">\n\t\t\t\t<div class=\"elementor-element elementor-element-1eb96397 e-con-full e-flex e-con e-parent\" data-id=\"1eb96397\" data-element_type=\"container\" data-settings=\"{&quot;background_background&quot;:&quot;classic&quot;}\">\n\t\t\t\t<div class=\"elementor-element elementor-element-5d03c86e elementor-widget elementor-widget-spacer\" data-id=\"5d03c86e\" data-element_type=\"widget\" data-widget_type=\"spacer.default\">\n\t\t\t\t<div class=\"elementor-widget-container\">\n\t\t\t\t\t\t\t<div class=\"elementor-spacer\">\n\t\t\t<div class=\"elementor-spacer-inner\"><\/div>\n\t\t<\/div>\n\t\t\t\t\t\t<\/div>\n\t\t\t\t<\/div>\n\t\t\t\t<div class=\"elementor-element elementor-element-5f0df83f elementor-widget elementor-widget-heading\" data-id=\"5f0df83f\" data-element_type=\"widget\" data-widget_type=\"heading.default\">\n\t\t\t\t<div class=\"elementor-widget-container\">\n\t\t\t\t\t<h1 class=\"elementor-heading-title elementor-size-default\">TY\u00d6NOHJAUS<\/h1>\t\t\t\t<\/div>\n\t\t\t\t<\/div>\n\t\t\t\t<div class=\"elementor-element elementor-element-7a3c26fb elementor-widget elementor-widget-spacer\" data-id=\"7a3c26fb\" data-element_type=\"widget\" data-widget_type=\"spacer.default\">\n\t\t\t\t<div class=\"elementor-widget-container\">\n\t\t\t\t\t\t\t<div class=\"elementor-spacer\">\n\t\t\t<div class=\"elementor-spacer-inner\"><\/div>\n\t\t<\/div>\n\t\t\t\t\t\t<\/div>\n\t\t\t\t<\/div>\n\t\t\t\t<\/div>\n\t\t<div class=\"elementor-element elementor-element-22d939b5 e-flex e-con-boxed e-con e-parent\" data-id=\"22d939b5\" data-element_type=\"container\">\n\t\t\t\t\t<div class=\"e-con-inner\">\n\t\t<div class=\"elementor-element elementor-element-2b0acc16 e-con-full e-flex e-con e-child\" data-id=\"2b0acc16\" data-element_type=\"container\">\n\t\t\t\t<div class=\"elementor-element elementor-element-3c604086 elementor-widget elementor-widget-image\" data-id=\"3c604086\" data-element_type=\"widget\" data-widget_type=\"image.default\">\n\t\t\t\t<div class=\"elementor-widget-container\">\n\t\t\t\t\t\t\t\t\t\t\t\t\t\t\t<img fetchpriority=\"high\" decoding=\"async\" width=\"774\" height=\"1024\" src=\"https:\/\/arjentaito.fi\/wp-content\/uploads\/2024\/02\/ARJENTAITO-SIVUT2-tyonohjaus-1-774x1024.png\" class=\"attachment-large size-large wp-image-243\" alt=\"\" srcset=\"https:\/\/arjentaito.fi\/wp-content\/uploads\/2024\/02\/ARJENTAITO-SIVUT2-tyonohjaus-1-774x1024.png 774w, https:\/\/arjentaito.fi\/wp-content\/uploads\/2024\/02\/ARJENTAITO-SIVUT2-tyonohjaus-1-227x300.png 227w, https:\/\/arjentaito.fi\/wp-content\/uploads\/2024\/02\/ARJENTAITO-SIVUT2-tyonohjaus-1-768x1016.png 768w, https:\/\/arjentaito.fi\/wp-content\/uploads\/2024\/02\/ARJENTAITO-SIVUT2-tyonohjaus-1-1161x1536.png 1161w, https:\/\/arjentaito.fi\/wp-content\/uploads\/2024\/02\/ARJENTAITO-SIVUT2-tyonohjaus-1.png 1299w\" sizes=\"(max-width: 774px) 100vw, 774px\" \/>\t\t\t\t\t\t\t\t\t\t\t\t\t\t\t<\/div>\n\t\t\t\t<\/div>\n\t\t\t\t<\/div>\n\t\t<div class=\"elementor-element elementor-element-35d46821 e-con-full e-flex e-con e-child\" data-id=\"35d46821\" data-element_type=\"container\">\n\t\t\t\t<div class=\"elementor-element elementor-element-212373f5 elementor-widget elementor-widget-spacer\" data-id=\"212373f5\" data-element_type=\"widget\" data-widget_type=\"spacer.default\">\n\t\t\t\t<div class=\"elementor-widget-container\">\n\t\t\t\t\t\t\t<div class=\"elementor-spacer\">\n\t\t\t<div class=\"elementor-spacer-inner\"><\/div>\n\t\t<\/div>\n\t\t\t\t\t\t<\/div>\n\t\t\t\t<\/div>\n\t\t\t\t<div class=\"elementor-element elementor-element-4f126a1f elementor-widget elementor-widget-text-editor\" data-id=\"4f126a1f\" data-element_type=\"widget\" data-widget_type=\"text-editor.default\">\n\t\t\t\t<div class=\"elementor-widget-container\">\n\t\t\t\t\t\t\t\t\t<p><b>Kehit\u00e4 ammatillista osaamistasi ja edist\u00e4 ty\u00f6hyvinvointiasi ty\u00f6nohjauksen avulla<\/b><\/p><p>Etsitk\u00f6 ohjausta ja tukea, jotta voisit saavuttaa ammatilliset tavoitteesi? Ohjaan ja tuen sinua. Kouluttaudun parhaillaan ratkaisukeskeiseksi ty\u00f6nohjaajaksi (STOry) ja tarjoan ty\u00f6nohjausta ryhmille ja yksil\u00f6ille alennettuun koulutushintaan. Voit valita ty\u00f6nohjauksen joustavasti tarpeidesi mukaan \u2013 ty\u00f6nohjauksen voi toteuttaa ty\u00f6paikallasi, et\u00e4n\u00e4, ty\u00f6huoneellani tai luonnossa liikkuen.<\/p><p>Ryhm\u00e4ty\u00f6nohjaukseen voidaan sis\u00e4llytt\u00e4\u00e4 luennointia toivomastanne aiheesta, kuten osaamisen tunnistamisesta, vuorovaikutuksesta, ajanhallinnasta tai ty\u00f6tapojen tuunaamisesta. Sinun ja ty\u00f6yhteis\u00f6si voimavaroja ja vahvuuksia tukien rohkaisen tarttumaan uusiin n\u00e4k\u00f6kulmiin ja tavoitteisiin.<\/p>\t\t\t\t\t\t\t\t<\/div>\n\t\t\t\t<\/div>\n\t\t\t\t<\/div>\n\t\t\t\t\t<\/div>\n\t\t\t\t<\/div>\n\t\t<div class=\"elementor-element elementor-element-2748d69b e-flex e-con-boxed e-con e-parent\" data-id=\"2748d69b\" data-element_type=\"container\">\n\t\t\t\t\t<div class=\"e-con-inner\">\n\t\t\t\t<div class=\"elementor-element elementor-element-56202254 elementor-widget elementor-widget-spacer\" data-id=\"56202254\" data-element_type=\"widget\" data-widget_type=\"spacer.default\">\n\t\t\t\t<div class=\"elementor-widget-container\">\n\t\t\t\t\t\t\t<div class=\"elementor-spacer\">\n\t\t\t<div class=\"elementor-spacer-inner\"><\/div>\n\t\t<\/div>\n\t\t\t\t\t\t<\/div>\n\t\t\t\t<\/div>\n\t\t\t\t<div class=\"elementor-element elementor-element-cd7c1fe elementor-widget elementor-widget-heading\" data-id=\"cd7c1fe\" data-element_type=\"widget\" data-widget_type=\"heading.default\">\n\t\t\t\t<div class=\"elementor-widget-container\">\n\t\t\t\t\t<h2 class=\"elementor-heading-title elementor-size-default\">Mik\u00e4 erottaa ty\u00f6nohjaus- ja valmennuspalveluni muista?<\/h2>\t\t\t\t<\/div>\n\t\t\t\t<\/div>\n\t\t\t\t<div class=\"elementor-element elementor-element-f42d929 elementor-widget elementor-widget-spacer\" data-id=\"f42d929\" data-element_type=\"widget\" data-widget_type=\"spacer.default\">\n\t\t\t\t<div class=\"elementor-widget-container\">\n\t\t\t\t\t\t\t<div class=\"elementor-spacer\">\n\t\t\t<div class=\"elementor-spacer-inner\"><\/div>\n\t\t<\/div>\n\t\t\t\t\t\t<\/div>\n\t\t\t\t<\/div>\n\t\t<div class=\"elementor-element elementor-element-0758703 e-flex e-con-boxed e-con e-child\" data-id=\"0758703\" data-element_type=\"container\">\n\t\t\t\t\t<div class=\"e-con-inner\">\n\t\t<div class=\"elementor-element elementor-element-fffbb79 e-con-full e-flex e-con e-child\" data-id=\"fffbb79\" data-element_type=\"container\">\n\t\t\t\t<div class=\"elementor-element elementor-element-dfaa6af elementor-widget__width-initial elementor-widget elementor-widget-text-editor\" data-id=\"dfaa6af\" data-element_type=\"widget\" data-widget_type=\"text-editor.default\">\n\t\t\t\t<div class=\"elementor-widget-container\">\n\t\t\t\t\t\t\t\t\t<ul><li><b>Luova ja tutkiva ote:<\/b>\u00a0Luon sinulle ja ty\u00f6yhteis\u00f6llesi mahdollisuuden hy\u00f6dynt\u00e4\u00e4 jo olemassa olevia voimavaroja ja vahvuuksia tuomalla tarkasteluun uusia ja oivaltavia n\u00e4k\u00f6kulmia ja tavoitteita. Ty\u00f6nohjausmenetelmin\u00e4 hy\u00f6dynnet\u00e4\u00e4n yksil\u00f6llisist\u00e4 valmennusta, ryhm\u00e4ty\u00f6pajoja ja koulutuskokonaisuuksia valitsemistanne aiheista.<\/li><li><b>Laaja-alaisuus:<\/b>\u00a0Hy\u00f6dynn\u00e4n ty\u00f6nohjauksessa monipuolista koulutustaustaani sek\u00e4 kokemustani tutkijana, opettajana ja terapeuttina. Tarjoan kokonaisvaltaista tukea, joka on suunniteltu juuri sinun tai yhteis\u00f6si yksil\u00f6llisiin tavoitteisiin ja haasteisiin.<\/li><\/ul><ul><li><b>Aktiivinen kuuntelu ja konfliktinratkaisu:<\/b>\u00a0Taitavana kuuntelijana ja objektiivisena tarkkailijana luon harmoniaa ja jaettua tietoisuutta vuorovaikutustilanteissa. Ty\u00f6skentelen vaikeissa tilanteissa ammattimaisesti ja pyrin rakentamaan luottamusta eri osapuolten v\u00e4lille.<\/li><\/ul><ul><li><b>Ratkaisukeskeinen l\u00e4hestymistapa:<\/b>\u00a0Tutkivaa ja vahvuuksiin keskittyv\u00e4\u00e4 l\u00e4hestymistapaa hy\u00f6dynt\u00e4en onnistumme kehitt\u00e4m\u00e4\u00e4n ty\u00f6h\u00f6n liittyvi\u00e4 k\u00e4yt\u00e4nt\u00f6j\u00e4 yksil\u00f6-, ryhm\u00e4- ja verkostotasolla.<\/li><\/ul>\t\t\t\t\t\t\t\t<\/div>\n\t\t\t\t<\/div>\n\t\t\t\t<div class=\"elementor-element elementor-element-b3e45a7 elementor-widget elementor-widget-spacer\" data-id=\"b3e45a7\" data-element_type=\"widget\" data-widget_type=\"spacer.default\">\n\t\t\t\t<div class=\"elementor-widget-container\">\n\t\t\t\t\t\t\t<div class=\"elementor-spacer\">\n\t\t\t<div class=\"elementor-spacer-inner\"><\/div>\n\t\t<\/div>\n\t\t\t\t\t\t<\/div>\n\t\t\t\t<\/div>\n\t\t\t\t<\/div>\n\t\t<div class=\"elementor-element elementor-element-5416cb3 e-con-full e-flex e-con e-child\" data-id=\"5416cb3\" data-element_type=\"container\" data-settings=\"{&quot;background_background&quot;:&quot;classic&quot;}\">\n\t\t\t\t<div class=\"elementor-element elementor-element-67311aa elementor-widget elementor-widget-image\" data-id=\"67311aa\" data-element_type=\"widget\" data-widget_type=\"image.default\">\n\t\t\t\t<div class=\"elementor-widget-container\">\n\t\t\t\t\t\t\t\t\t\t\t\t\t\t\t<img decoding=\"async\" width=\"774\" height=\"1024\" src=\"https:\/\/arjentaito.fi\/wp-content\/uploads\/2023\/12\/ARJEN-TAITO-kuva-774x1024.png\" class=\"attachment-large size-large wp-image-76\" alt=\"\" srcset=\"https:\/\/arjentaito.fi\/wp-content\/uploads\/2023\/12\/ARJEN-TAITO-kuva-774x1024.png 774w, https:\/\/arjentaito.fi\/wp-content\/uploads\/2023\/12\/ARJEN-TAITO-kuva-227x300.png 227w, https:\/\/arjentaito.fi\/wp-content\/uploads\/2023\/12\/ARJEN-TAITO-kuva-768x1016.png 768w, https:\/\/arjentaito.fi\/wp-content\/uploads\/2023\/12\/ARJEN-TAITO-kuva-1161x1536.png 1161w, https:\/\/arjentaito.fi\/wp-content\/uploads\/2023\/12\/ARJEN-TAITO-kuva.png 1299w\" sizes=\"(max-width: 774px) 100vw, 774px\" \/>\t\t\t\t\t\t\t\t\t\t\t\t\t\t\t<\/div>\n\t\t\t\t<\/div>\n\t\t\t\t<div class=\"elementor-element elementor-element-f9aba6f elementor-widget elementor-widget-image\" data-id=\"f9aba6f\" data-element_type=\"widget\" data-widget_type=\"image.default\">\n\t\t\t\t<div class=\"elementor-widget-container\">\n\t\t\t\t\t\t\t\t\t\t\t\t\t\t\t<img decoding=\"async\" width=\"800\" height=\"88\" src=\"https:\/\/arjentaito.fi\/wp-content\/uploads\/2024\/02\/arjentaitologo2-1024x112.png\" class=\"attachment-large size-large wp-image-211\" alt=\"\" srcset=\"https:\/\/arjentaito.fi\/wp-content\/uploads\/2024\/02\/arjentaitologo2-1024x112.png 1024w, https:\/\/arjentaito.fi\/wp-content\/uploads\/2024\/02\/arjentaitologo2-300x33.png 300w, https:\/\/arjentaito.fi\/wp-content\/uploads\/2024\/02\/arjentaitologo2-768x84.png 768w, https:\/\/arjentaito.fi\/wp-content\/uploads\/2024\/02\/arjentaitologo2-1536x169.png 1536w, https:\/\/arjentaito.fi\/wp-content\/uploads\/2024\/02\/arjentaitologo2-2048x225.png 2048w\" sizes=\"(max-width: 800px) 100vw, 800px\" \/>\t\t\t\t\t\t\t\t\t\t\t\t\t\t\t<\/div>\n\t\t\t\t<\/div>\n\t\t\t\t<div class=\"elementor-element elementor-element-4347aa8 elementor-widget elementor-widget-text-editor\" data-id=\"4347aa8\" data-element_type=\"widget\" data-widget_type=\"text-editor.default\">\n\t\t\t\t<div class=\"elementor-widget-container\">\n\t\t\t\t\t\t\t\t\t<p>Suuntaa katse ammatilliseen kehittymiseesi jo t\u00e4n\u00e4\u00e4n asiantuntevan ohjauksen ja valmennuksen avulla! T\u00e4yt\u00e4 alla oleva yhteydenottolomake niin olen sinuun piakkoin yhteydess\u00e4.<\/p>\t\t\t\t\t\t\t\t<\/div>\n\t\t\t\t<\/div>\n\t\t\t\t<\/div>\n\t\t\t\t\t<\/div>\n\t\t\t\t<\/div>\n\t\t\t\t<div class=\"elementor-element elementor-element-87b4183 elementor-widget elementor-widget-spacer\" data-id=\"87b4183\" data-element_type=\"widget\" data-widget_type=\"spacer.default\">\n\t\t\t\t<div class=\"elementor-widget-container\">\n\t\t\t\t\t\t\t<div class=\"elementor-spacer\">\n\t\t\t<div class=\"elementor-spacer-inner\"><\/div>\n\t\t<\/div>\n\t\t\t\t\t\t<\/div>\n\t\t\t\t<\/div>\n\t\t\t\t\t<\/div>\n\t\t\t\t<\/div>\n\t\t\t\t<\/div>\n\t\t","protected":false},"excerpt":{"rendered":"<p>TY\u00d6NOHJAUS Kehit\u00e4 ammatillista osaamistasi ja edist\u00e4 ty\u00f6hyvinvointiasi ty\u00f6nohjauksen avulla Etsitk\u00f6 ohjausta ja tukea, jotta voisit saavuttaa ammatilliset tavoitteesi? Ohjaan ja tuen sinua. Kouluttaudun parhaillaan ratkaisukeskeiseksi ty\u00f6nohjaajaksi (STOry) ja tarjoan ty\u00f6nohjausta ryhmille ja yksil\u00f6ille alennettuun koulutushintaan. Voit valita ty\u00f6nohjauksen joustavasti tarpeidesi mukaan \u2013 ty\u00f6nohjauksen voi toteuttaa ty\u00f6paikallasi, et\u00e4n\u00e4, ty\u00f6huoneellani tai luonnossa liikkuen. Ryhm\u00e4ty\u00f6nohjaukseen voidaan sis\u00e4llytt\u00e4\u00e4 luennointia [&hellip;]<\/p>\n","protected":false},"author":2,"featured_media":0,"parent":0,"menu_order":0,"comment_status":"closed","ping_status":"closed","template":"elementor_header_footer","meta":{"footnotes":""},"_links":{"self":[{"href":"https:\/\/arjentaito.fi\/index.php?rest_route=\/wp\/v2\/pages\/52"}],"collection":[{"href":"https:\/\/arjentaito.fi\/index.php?rest_route=\/wp\/v2\/pages"}],"about":[{"href":"https:\/\/arjentaito.fi\/index.php?rest_route=\/wp\/v2\/types\/page"}],"author":[{"embeddable":true,"href":"https:\/\/arjentaito.fi\/index.php?rest_route=\/wp\/v2\/users\/2"}],"replies":[{"embeddable":true,"href":"https:\/\/arjentaito.fi\/index.php?rest_route=%2Fwp%2Fv2%2Fcomments&post=52"}],"version-history":[{"count":55,"href":"https:\/\/arjentaito.fi\/index.php?rest_route=\/wp\/v2\/pages\/52\/revisions"}],"predecessor-version":[{"id":518,"href":"https:\/\/arjentaito.fi\/index.php?rest_route=\/wp\/v2\/pages\/52\/revisions\/518"}],"wp:attachment":[{"href":"https:\/\/arjentaito.fi\/index.php?rest_route=%2Fwp%2Fv2%2Fmedia&parent=52"}],"curies":[{"name":"wp","href":"https:\/\/api.w.org\/{rel}","templated":true}]}}