{"id":9,"date":"2023-11-28T18:46:41","date_gmt":"2023-11-28T18:46:41","guid":{"rendered":"https:\/\/arjentaito.fi\/?page_id=9"},"modified":"2024-02-25T15:57:07","modified_gmt":"2024-02-25T15:57:07","slug":"etusivu","status":"publish","type":"page","link":"https:\/\/arjentaito.fi\/","title":{"rendered":"Etusivu"},"content":{"rendered":"\t\t<div data-elementor-type=\"wp-page\" data-elementor-id=\"9\" class=\"elementor elementor-9\">\n\t\t\t\t<div class=\"elementor-element elementor-element-265f1e0 e-con-full e-flex e-con e-parent\" data-id=\"265f1e0\" data-element_type=\"container\" data-settings=\"{&quot;background_background&quot;:&quot;classic&quot;}\">\n\t\t\t\t<div class=\"elementor-element elementor-element-8848466 elementor-widget elementor-widget-spacer\" data-id=\"8848466\" data-element_type=\"widget\" data-widget_type=\"spacer.default\">\n\t\t\t\t<div class=\"elementor-widget-container\">\n\t\t\t\t\t\t\t<div class=\"elementor-spacer\">\n\t\t\t<div class=\"elementor-spacer-inner\"><\/div>\n\t\t<\/div>\n\t\t\t\t\t\t<\/div>\n\t\t\t\t<\/div>\n\t\t\t\t<div class=\"elementor-element elementor-element-2b01b60 elementor-widget elementor-widget-heading\" data-id=\"2b01b60\" data-element_type=\"widget\" data-widget_type=\"heading.default\">\n\t\t\t\t<div class=\"elementor-widget-container\">\n\t\t\t\t\t<h1 class=\"elementor-heading-title elementor-size-default\">ARJENTAITO<\/h1>\t\t\t\t<\/div>\n\t\t\t\t<\/div>\n\t\t\t\t<div class=\"elementor-element elementor-element-9588944 elementor-widget elementor-widget-spacer\" data-id=\"9588944\" data-element_type=\"widget\" data-widget_type=\"spacer.default\">\n\t\t\t\t<div class=\"elementor-widget-container\">\n\t\t\t\t\t\t\t<div class=\"elementor-spacer\">\n\t\t\t<div class=\"elementor-spacer-inner\"><\/div>\n\t\t<\/div>\n\t\t\t\t\t\t<\/div>\n\t\t\t\t<\/div>\n\t\t\t\t<\/div>\n\t\t<div class=\"elementor-element elementor-element-1045bfb e-flex e-con-boxed e-con e-parent\" data-id=\"1045bfb\" data-element_type=\"container\">\n\t\t\t\t\t<div class=\"e-con-inner\">\n\t\t<div class=\"elementor-element elementor-element-bcdc4f6 e-con-full e-flex e-con e-child\" data-id=\"bcdc4f6\" data-element_type=\"container\">\n\t\t\t\t<div class=\"elementor-element elementor-element-a3669ab elementor-widget elementor-widget-image\" data-id=\"a3669ab\" data-element_type=\"widget\" data-widget_type=\"image.default\">\n\t\t\t\t<div class=\"elementor-widget-container\">\n\t\t\t\t\t\t\t\t\t\t\t\t\t\t\t<img fetchpriority=\"high\" decoding=\"async\" width=\"774\" height=\"1024\" src=\"https:\/\/arjentaito.fi\/wp-content\/uploads\/2024\/02\/LAURA-ARJENTAITO-kopio-774x1024.png\" class=\"attachment-large size-large wp-image-343\" alt=\"\" srcset=\"https:\/\/arjentaito.fi\/wp-content\/uploads\/2024\/02\/LAURA-ARJENTAITO-kopio-774x1024.png 774w, https:\/\/arjentaito.fi\/wp-content\/uploads\/2024\/02\/LAURA-ARJENTAITO-kopio-227x300.png 227w, https:\/\/arjentaito.fi\/wp-content\/uploads\/2024\/02\/LAURA-ARJENTAITO-kopio-768x1016.png 768w, https:\/\/arjentaito.fi\/wp-content\/uploads\/2024\/02\/LAURA-ARJENTAITO-kopio-1161x1536.png 1161w, https:\/\/arjentaito.fi\/wp-content\/uploads\/2024\/02\/LAURA-ARJENTAITO-kopio.png 1299w\" sizes=\"(max-width: 774px) 100vw, 774px\" \/>\t\t\t\t\t\t\t\t\t\t\t\t\t\t\t<\/div>\n\t\t\t\t<\/div>\n\t\t\t\t<\/div>\n\t\t<div class=\"elementor-element elementor-element-4dc6437 e-con-full e-flex e-con e-child\" data-id=\"4dc6437\" data-element_type=\"container\">\n\t\t\t\t<div class=\"elementor-element elementor-element-86e9560 elementor-widget elementor-widget-spacer\" data-id=\"86e9560\" data-element_type=\"widget\" data-widget_type=\"spacer.default\">\n\t\t\t\t<div class=\"elementor-widget-container\">\n\t\t\t\t\t\t\t<div class=\"elementor-spacer\">\n\t\t\t<div class=\"elementor-spacer-inner\"><\/div>\n\t\t<\/div>\n\t\t\t\t\t\t<\/div>\n\t\t\t\t<\/div>\n\t\t\t\t<div class=\"elementor-element elementor-element-24865a1 elementor-widget elementor-widget-text-editor\" data-id=\"24865a1\" data-element_type=\"widget\" data-widget_type=\"text-editor.default\">\n\t\t\t\t<div class=\"elementor-widget-container\">\n\t\t\t\t\t\t\t\t\t<p><strong>Hyv\u00e4 arki on onnellisuuden ja hyvinvoinnin perusta.<\/strong> Kyse on muustakin kuin vain asioiden hoitamisesta. Arjentaito on tasapainon l\u00f6yt\u00e4mist\u00e4, hyvi\u00e4 p\u00e4\u00e4t\u00f6ksi\u00e4 ja hyvinvoinnin vaalimista el\u00e4m\u00e4n kaikilla osa-alueilla.<\/p><p>Arjen haasteet voivat joskus tuntua ylivoimaisilta. Siksi Arjentaito auttaa ja tukee sinua matkallasi kohti tasapainoista ja merkityksellist\u00e4 el\u00e4m\u00e4\u00e4. Olipa kyse sitten henkil\u00f6kohtaisen kasvun tukemisesta, ty\u00f6teht\u00e4vien hallinnasta tai tavoitteidesi saavuttamisesta, Arjentaito tarjoaa opastusta, tukea ja ohjausta juuri sinun polullasi.<\/p><p>El\u00e4m\u00e4 on jatkuvan kasvun ja itsens\u00e4 l\u00f6yt\u00e4misen matka. Arjentaito kuvastaa niiden tietojen ja taitojen kehitt\u00e4mist\u00e4, joita tarvitaan erilaisista haasteista selviytymiseen ja hyv\u00e4\u00e4n oloon. Valjastetaan yhdess\u00e4 ne ty\u00f6kalut ja oivallukset, joita tarvitset el\u00e4\u00e4ksesi parasta el\u00e4m\u00e4\u00e4si \u2013 yksi askel kerrallaan.<\/p>\t\t\t\t\t\t\t\t<\/div>\n\t\t\t\t<\/div>\n\t\t\t\t<div class=\"elementor-element elementor-element-5f45b36 elementor-widget elementor-widget-spacer\" data-id=\"5f45b36\" data-element_type=\"widget\" data-widget_type=\"spacer.default\">\n\t\t\t\t<div class=\"elementor-widget-container\">\n\t\t\t\t\t\t\t<div class=\"elementor-spacer\">\n\t\t\t<div class=\"elementor-spacer-inner\"><\/div>\n\t\t<\/div>\n\t\t\t\t\t\t<\/div>\n\t\t\t\t<\/div>\n\t\t\t\t<\/div>\n\t\t\t\t\t<\/div>\n\t\t\t\t<\/div>\n\t\t<div class=\"elementor-element elementor-element-92b7fbf e-flex e-con-boxed e-con e-parent\" data-id=\"92b7fbf\" data-element_type=\"container\" data-settings=\"{&quot;background_background&quot;:&quot;classic&quot;}\">\n\t\t\t\t\t<div class=\"e-con-inner\">\n\t\t\t\t<div class=\"elementor-element elementor-element-6a392ab elementor-widget elementor-widget-text-editor\" data-id=\"6a392ab\" data-element_type=\"widget\" data-widget_type=\"text-editor.default\">\n\t\t\t\t<div class=\"elementor-widget-container\">\n\t\t\t\t\t\t\t\t\t<p><b>Minusta<\/b><\/p><p>Olen monipuolinen ammattilainen, jolla on my\u00f6nteinen asenne ja rohkeus kohdata vaativiakin haasteita. Vuorovaikutustilanteissa pyrin luomaan harmoniaa ja edist\u00e4m\u00e4\u00e4n yhteist\u00e4 ymm\u00e4rryst\u00e4 herk\u00e4sti kuunnellen.<\/p><p>Peruskoulutukseltani olen kasvatustieteilij\u00e4, tutkija, pedagogi, valmentaja, ratkaisukeskeinen lyhytterapeutti ja ty\u00f6nohjaajakoulutettava (STOry). Lis\u00e4ksi olen opiskellut sosiaalipsykologiaa, psykologiaa, johtamista ja erilaisia tutkimusmenetelmi\u00e4. Monialaista osaamistani hy\u00f6dynt\u00e4en tarjoan palveluja, joiden tavoitteena on hyvinvoinnin lis\u00e4\u00e4minen ja henkil\u00f6kohtaisen kasvun edist\u00e4minen. Kehit\u00e4n ammattitaitoani jatkuvasti ja olen sitoutunut noudattamaan Lyhytterapeuttiyhdistys ry:n ja Suomen ty\u00f6nohjaajat ry:n (STOry) eettisi\u00e4 ohjeita.<\/p><p>Ratkaisukeskeisen lyhytterapian, ty\u00f6nohjauksen ja valmentamisen lis\u00e4ksi olen vahvasti mukana tutkimuksessa, erilaisten ryhmien ohjauksessa, yksil\u00f6valmennuksessa ja ammattikirjallisuuden kirjoittamisessa. Monipuolinen ja tutkiva l\u00e4hestymistapani antaa minulle mahdollisuuden vastata asiakkaideni yksil\u00f6llisiin tarpeisiin ja edist\u00e4\u00e4 my\u00f6nteist\u00e4 muutosta useilla rintamilla.<\/p><p>Tule mukaan l\u00f6yt\u00f6retkelle kohti uusia voimavaroja, sujuvaa arkea sek\u00e4 sinun ja ymp\u00e4rill\u00e4si olevien ihmisten hyvinvointia.<\/p>\t\t\t\t\t\t\t\t<\/div>\n\t\t\t\t<\/div>\n\t\t\t\t\t<\/div>\n\t\t\t\t<\/div>\n\t\t<div class=\"elementor-element elementor-element-652d588 e-con-full e-flex e-con e-parent\" data-id=\"652d588\" data-element_type=\"container\" data-settings=\"{&quot;background_background&quot;:&quot;classic&quot;}\">\n\t\t\t\t<div class=\"elementor-element elementor-element-885107c elementor-widget elementor-widget-spacer\" data-id=\"885107c\" data-element_type=\"widget\" data-widget_type=\"spacer.default\">\n\t\t\t\t<div class=\"elementor-widget-container\">\n\t\t\t\t\t\t\t<div class=\"elementor-spacer\">\n\t\t\t<div class=\"elementor-spacer-inner\"><\/div>\n\t\t<\/div>\n\t\t\t\t\t\t<\/div>\n\t\t\t\t<\/div>\n\t\t<div class=\"elementor-element elementor-element-e0c41df e-flex e-con-boxed e-con e-child\" data-id=\"e0c41df\" data-element_type=\"container\">\n\t\t\t\t\t<div class=\"e-con-inner\">\n\t\t<div class=\"elementor-element elementor-element-bf5ebfa e-con-full e-flex e-con e-child\" data-id=\"bf5ebfa\" data-element_type=\"container\">\n\t\t\t\t<div class=\"elementor-element elementor-element-6e6eb4e elementor-widget elementor-widget-text-editor\" data-id=\"6e6eb4e\" data-element_type=\"widget\" data-widget_type=\"text-editor.default\">\n\t\t\t\t<div class=\"elementor-widget-container\">\n\t\t\t\t\t\t\t\t\t<p><strong>Saatuja palautteita:<\/strong><\/p><p><em>\u201dTy\u00f6paja oli monipuolinen, toimintaa tukeva ja ajankohtainen\u201d<\/em><\/p><p><em>\u201dAsiansa osaava, selke\u00e4 ja johdonmukainen\u201d<\/em><\/p><p><em>\u201dIlmi\u00f6m\u00e4inen kuuntelija\u201d<\/em><\/p><p><em>\u201dErityiskiitos rauhallisesta, j\u00e4sennellyst\u00e4 ja kannustavasta opetuksesta, joka loi turvallisen ilmapiirin my\u00f6s kysymyksille.\u201d<\/em><\/p><p><em>\u201dIhana ja huomaavainen, sai kysymysten kysymisen tuntumaan helpolta ja vastasi yst\u00e4v\u00e4llisesti ja nopeasti.\u201d<\/em><\/p><p><em>\u201dTodellinen mahdollisuus heitt\u00e4yty\u00e4 oppimisprosessin kannateltavaksi.\u201d<\/em><\/p><p><em>\u201dAuttoi upeasti aina tarvittaessa, ja tuntui ett\u00e4 sai hyvin tukea.\u201d<\/em><\/p><p><em>\u201dMaailman k\u00e4rsiv\u00e4llisin opettaja\u201d<\/em><\/p><p><em>\u201dEritt\u00e4in ammattitaitoinen\u201d<\/em><\/p><p><em>\u201dToimi erinomaisesti et\u00e4n\u00e4\u201d<\/em><\/p><p><em>\u201dSai innostumaan aiheesta\u201d<\/em><\/p><p><em>\u201dTiedosti opettamansa aiheen olevan monelle hankala ja pelottavakin \u2013 loi miellytt\u00e4v\u00e4n turvallisen ilmapiirin.\u201d<\/em><\/p>\t\t\t\t\t\t\t\t<\/div>\n\t\t\t\t<\/div>\n\t\t\t\t<\/div>\n\t\t<div class=\"elementor-element elementor-element-a2b6d43 e-con-full e-flex e-con e-child\" data-id=\"a2b6d43\" data-element_type=\"container\" data-settings=\"{&quot;background_background&quot;:&quot;classic&quot;}\">\n\t\t\t\t<div class=\"elementor-element elementor-element-a3a224e elementor-widget elementor-widget-image\" data-id=\"a3a224e\" data-element_type=\"widget\" data-widget_type=\"image.default\">\n\t\t\t\t<div class=\"elementor-widget-container\">\n\t\t\t\t\t\t\t\t\t\t\t\t\t\t\t<img decoding=\"async\" width=\"800\" height=\"88\" src=\"https:\/\/arjentaito.fi\/wp-content\/uploads\/2024\/02\/arjentaitologo2-1024x112.png\" class=\"attachment-large size-large wp-image-211\" alt=\"\" srcset=\"https:\/\/arjentaito.fi\/wp-content\/uploads\/2024\/02\/arjentaitologo2-1024x112.png 1024w, https:\/\/arjentaito.fi\/wp-content\/uploads\/2024\/02\/arjentaitologo2-300x33.png 300w, https:\/\/arjentaito.fi\/wp-content\/uploads\/2024\/02\/arjentaitologo2-768x84.png 768w, https:\/\/arjentaito.fi\/wp-content\/uploads\/2024\/02\/arjentaitologo2-1536x169.png 1536w, https:\/\/arjentaito.fi\/wp-content\/uploads\/2024\/02\/arjentaitologo2-2048x225.png 2048w\" sizes=\"(max-width: 800px) 100vw, 800px\" \/>\t\t\t\t\t\t\t\t\t\t\t\t\t\t\t<\/div>\n\t\t\t\t<\/div>\n\t\t\t\t<div class=\"elementor-element elementor-element-b290a2d elementor-widget elementor-widget-text-editor\" data-id=\"b290a2d\" data-element_type=\"widget\" data-widget_type=\"text-editor.default\">\n\t\t\t\t<div class=\"elementor-widget-container\">\n\t\t\t\t\t\t\t\t\t<p>Kysytt\u00e4v\u00e4\u00e4? T\u00e4yt\u00e4 alla oleva yhteydenottolomake niin olen sinuun piakkoin yhteydess\u00e4.<\/p>\t\t\t\t\t\t\t\t<\/div>\n\t\t\t\t<\/div>\n\t\t\t\t<\/div>\n\t\t\t\t\t<\/div>\n\t\t\t\t<\/div>\n\t\t\t\t<\/div>\n\t\t<div class=\"elementor-element elementor-element-b85d785 e-flex e-con-boxed e-con e-parent\" data-id=\"b85d785\" data-element_type=\"container\">\n\t\t\t\t\t<div class=\"e-con-inner\">\n\t\t\t\t<div class=\"elementor-element elementor-element-088ef24 elementor-widget elementor-widget-spacer\" data-id=\"088ef24\" data-element_type=\"widget\" data-widget_type=\"spacer.default\">\n\t\t\t\t<div class=\"elementor-widget-container\">\n\t\t\t\t\t\t\t<div class=\"elementor-spacer\">\n\t\t\t<div class=\"elementor-spacer-inner\"><\/div>\n\t\t<\/div>\n\t\t\t\t\t\t<\/div>\n\t\t\t\t<\/div>\n\t\t\t\t\t<\/div>\n\t\t\t\t<\/div>\n\t\t\t\t<\/div>\n\t\t","protected":false},"excerpt":{"rendered":"<p>ARJENTAITO Hyv\u00e4 arki on onnellisuuden ja hyvinvoinnin perusta. Kyse on muustakin kuin vain asioiden hoitamisesta. Arjentaito on tasapainon l\u00f6yt\u00e4mist\u00e4, hyvi\u00e4 p\u00e4\u00e4t\u00f6ksi\u00e4 ja hyvinvoinnin vaalimista el\u00e4m\u00e4n kaikilla osa-alueilla. Arjen haasteet voivat joskus tuntua ylivoimaisilta. Siksi Arjentaito auttaa ja tukee sinua matkallasi kohti tasapainoista ja merkityksellist\u00e4 el\u00e4m\u00e4\u00e4. Olipa kyse sitten henkil\u00f6kohtaisen kasvun tukemisesta, ty\u00f6teht\u00e4vien hallinnasta tai tavoitteidesi [&hellip;]<\/p>\n","protected":false},"author":1,"featured_media":0,"parent":0,"menu_order":0,"comment_status":"closed","ping_status":"closed","template":"elementor_header_footer","meta":{"footnotes":""},"_links":{"self":[{"href":"https:\/\/arjentaito.fi\/index.php?rest_route=\/wp\/v2\/pages\/9"}],"collection":[{"href":"https:\/\/arjentaito.fi\/index.php?rest_route=\/wp\/v2\/pages"}],"about":[{"href":"https:\/\/arjentaito.fi\/index.php?rest_route=\/wp\/v2\/types\/page"}],"author":[{"embeddable":true,"href":"https:\/\/arjentaito.fi\/index.php?rest_route=\/wp\/v2\/users\/1"}],"replies":[{"embeddable":true,"href":"https:\/\/arjentaito.fi\/index.php?rest_route=%2Fwp%2Fv2%2Fcomments&post=9"}],"version-history":[{"count":103,"href":"https:\/\/arjentaito.fi\/index.php?rest_route=\/wp\/v2\/pages\/9\/revisions"}],"predecessor-version":[{"id":509,"href":"https:\/\/arjentaito.fi\/index.php?rest_route=\/wp\/v2\/pages\/9\/revisions\/509"}],"wp:attachment":[{"href":"https:\/\/arjentaito.fi\/index.php?rest_route=%2Fwp%2Fv2%2Fmedia&parent=9"}],"curies":[{"name":"wp","href":"https:\/\/api.w.org\/{rel}","templated":true}]}}